{"id":8,"date":"2024-05-18T20:31:43","date_gmt":"2024-05-18T19:31:43","guid":{"rendered":"http:\/\/archipelconsort.eu\/?page_id=8"},"modified":"2026-05-08T10:27:00","modified_gmt":"2026-05-08T09:27:00","slug":"home","status":"publish","type":"page","link":"https:\/\/archipelconsort.eu\/","title":{"rendered":"Archipel Consort"},"content":{"rendered":"<p>[et_pb_section fb_built=&#8221;1&#8243; _builder_version=&#8221;4.25.1&#8243; _module_preset=&#8221;default&#8221; custom_margin=&#8221;0px||0px||false|false&#8221; custom_padding=&#8221;0px||0px||false|false&#8221; global_colors_info=&#8221;{}&#8221;][et_pb_row column_structure=&#8221;2_3,1_3&#8243; _builder_version=&#8221;4.25.1&#8243; _module_preset=&#8221;default&#8221; global_colors_info=&#8221;{}&#8221;][et_pb_column type=&#8221;2_3&#8243; _builder_version=&#8221;4.25.0&#8243; _module_preset=&#8221;default&#8221; global_colors_info=&#8221;{}&#8221;][et_pb_image src=&#8221;https:\/\/archipelconsort.eu\/wp-content\/uploads\/2024\/05\/22-02-festivita-Malou-Van-den-Heuvel.jpg&#8221; title_text=&#8221;22-02-festivita-Malou-Van-den-Heuvel&#8221; _builder_version=&#8221;4.25.1&#8243; _module_preset=&#8221;default&#8221; global_colors_info=&#8221;{}&#8221;][\/et_pb_image][et_pb_text _builder_version=&#8221;4.25.1&#8243; _module_preset=&#8221;default&#8221; text_font=&#8221;Montserrat|300|||||||&#8221; global_colors_info=&#8221;{}&#8221;]<\/p>\n<p><span>\u00a9 Malou Van den Heuvel &amp; FestiVita!\u00a0<\/span><\/p>\n<p>[\/et_pb_text][\/et_pb_column][et_pb_column type=&#8221;1_3&#8243; _builder_version=&#8221;4.25.1&#8243; _module_preset=&#8221;default&#8221; global_colors_info=&#8221;{}&#8221;][et_pb_text _builder_version=&#8221;4.25.1&#8243; _module_preset=&#8221;default&#8221; text_font=&#8221;Montserrat|300|||||||&#8221; global_colors_info=&#8221;{}&#8221;]<\/p>\n<h4 dir=\"ltr\" class=\"zfr3Q CDt4Ke \" style=\"text-align: center;\"><span class=\"C9DxTc \"><\/span>Archipel Consort<\/h4>\n<p dir=\"ltr\" class=\"zfr3Q CDt4Ke \" style=\"text-align: center;\"><span class=\"C9DxTc \">Bas\u00e9es \u00e0 Bruxelles, les trois violistes de l&#8217;<\/span><span class=\"C9DxTc \">Archipel Consort <\/span><span class=\"C9DxTc \">sont r\u00e9unies par l\u2019amiti\u00e9 et par l\u2019envie d\u2019explorer les r\u00e9pertoires pour trio de violes, forme la plus \u00e9pur\u00e9e du consort de viole.\u00a0<\/span><\/p>\n<p dir=\"ltr\" class=\"zfr3Q CDt4Ke \" style=\"text-align: center;\"><span class=\"C9DxTc \">Elles empruntent leur r\u00e9pertoire \u00e0 la Renaissance et au Baroque, et donnent \u00e0 entendre de la musique destin\u00e9e \u00e0 la viole, mais aussi de la musique vocale jou\u00e9e aux violes, ou des transcriptions de pi\u00e8ces destin\u00e9es au clavier, pour un renouvellement constant de styles et de timbres tout au long du concert.<\/span><span class=\"C9DxTc \"> <\/span><span class=\"C9DxTc \">\u00a0<\/span><\/p>\n<p>[\/et_pb_text][\/et_pb_column][\/et_pb_row][et_pb_row column_structure=&#8221;1_2,1_2&#8243; _builder_version=&#8221;4.25.1&#8243; _module_preset=&#8221;default&#8221; global_colors_info=&#8221;{}&#8221;][et_pb_column type=&#8221;1_2&#8243; _builder_version=&#8221;4.25.1&#8243; _module_preset=&#8221;default&#8221; global_colors_info=&#8221;{}&#8221;][et_pb_text _builder_version=&#8221;4.25.1&#8243; _module_preset=&#8221;default&#8221; text_font=&#8221;Montserrat|300|||||||&#8221; hover_enabled=&#8221;0&#8243; global_colors_info=&#8221;{}&#8221; sticky_enabled=&#8221;0&#8243;]<\/p>\n<h4 style=\"text-align: center;\">Actualit\u00e9s<\/h4>\n<h1><span style=\"font-size: medium;\">Concert \u00e0 Bruxelles!<\/span><\/h1>\n<p><em>Samedi 13 juin 2026<\/em><\/p>\n<p><span dir=\"ltr\" style=\"font-size: large;\"><b>19h, Archipel Consort &amp; Simon Waddell<\/b><\/span><span><\/span><br \/><span dir=\"ltr\"><span>Marin Marais, conversation \u00e0 3 basses<\/span><\/span><br \/><span><\/span><\/p>\n<p><span dir=\"ltr\"><span>\u00c0 l\u2019occasion du 370e anniversaire de la naissance de Marin Marais, grand violiste du tournant du 18e si\u00e8cle, Archipel invite Simon Waddell au th\u00e9orbe pour donner vie aux pi\u00e8ces \u00e0 3 violes de son quatri\u00e8me livre de pi\u00e8ces publi\u00e9 en 1717.\u00a0D\u2019un pr\u00e9lude expansif et virtuose \u00e0 une sarabande plaintive en passant par des danses au caract\u00e8re bien tremp\u00e9, ces suites d\u2019une construction remarquables et d\u2019une \u00e9criture raffin\u00e9e mettent en valeur la viole de gambe dans toute sa palette expressive.<\/span><\/span><span><\/span><\/p>\n<p><span dir=\"ltr\" style=\"font-size: large;\"><b>21h, four beers and a glass of wine<\/b><\/span><span><\/span><br \/><span dir=\"ltr\"><span>airs de taverne et chansons d&#8217;amour<\/span><\/span><span><\/span><br \/><span dir=\"ltr\"><span><a href=\"https:\/\/www.instagram.com\/fourbeersandaglassofwine\/\">https:\/\/www.instagram.com\/fourbeersandaglassofwine\/<\/a><\/span><\/span><span><\/span><\/p>\n<p><span dir=\"ltr\"><span>Avec le jeune ensemble Four Beers and a Glass of Wine, d\u00e9couvrez l\u2019univers de la musique traditionnelle ancienne. Les musiciens vous invitent au voyage \u00e0 travers l\u2019Irlande avec des chansons d\u2019amour, dans des tavernes parisiennes avec des airs \u00e0 boire et vous emm\u00e8nent danser avec de la musique de bal wallonne. Four Beers and a Glass of Wine fait revivre avec \u00e9lan ces airs traditionnels issus de recueils des XVIIe et XVIIIe si\u00e8cles, en laissant une grande place \u00e0 l\u2019improvisation. Laissez-vous surprendre par les textes insolites, les ornementations du violon et de la fl\u00fbte \u00e0 bec et les doux accords du th\u00e9orbe.<\/span><\/span><span><\/span><\/p>\n<p><span dir=\"ltr\"><span><b>affiche\u00a0 <\/b><\/span><span>: Jeanne Champenois-Masset<\/span><\/span><span><\/span><br \/><span dir=\"ltr\"><span><a href=\"https:\/\/jeannechampenoismasset.com\/\">https:\/\/jeannechampenoismasset.com\/<\/a><\/span><\/span><\/p>\n<p>[\/et_pb_text][\/et_pb_column][et_pb_column type=&#8221;1_2&#8243; _builder_version=&#8221;4.25.1&#8243; _module_preset=&#8221;default&#8221; global_colors_info=&#8221;{}&#8221;][et_pb_image src=&#8221;https:\/\/archipelconsort.eu\/wp-content\/uploads\/2026\/05\/Concert_2026-06-13_3.jpg&#8221; _builder_version=&#8221;4.25.1&#8243; _module_preset=&#8221;default&#8221; title_text=&#8221;Concert_2026-06-13_3&#8243; hover_enabled=&#8221;0&#8243; sticky_enabled=&#8221;0&#8243;][\/et_pb_image][\/et_pb_column][\/et_pb_row][\/et_pb_section][et_pb_section fb_built=&#8221;1&#8243; _builder_version=&#8221;4.25.1&#8243; _module_preset=&#8221;default&#8221; global_colors_info=&#8221;{}&#8221;][\/et_pb_section]<\/p>\n","protected":false},"excerpt":{"rendered":"<p>\u00a9 Malou Van den Heuvel &amp; FestiVita!\u00a0Archipel Consort Bas\u00e9es \u00e0 Bruxelles, les trois violistes de l&#8217;Archipel Consort sont r\u00e9unies par l\u2019amiti\u00e9 et par l\u2019envie d\u2019explorer les r\u00e9pertoires pour trio de violes, forme la plus \u00e9pur\u00e9e du consort de viole.\u00a0 Elles empruntent leur r\u00e9pertoire \u00e0 la Renaissance et au Baroque, et donnent \u00e0 entendre de la [&hellip;]<\/p>\n","protected":false},"author":1,"featured_media":0,"parent":0,"menu_order":0,"comment_status":"closed","ping_status":"closed","template":"","meta":{"_et_pb_use_builder":"on","_et_pb_old_content":"<!-- wp:divi\/placeholder \/-->","_et_gb_content_width":"","footnotes":""},"class_list":["post-8","page","type-page","status-publish","hentry"],"_links":{"self":[{"href":"https:\/\/archipelconsort.eu\/index.php\/wp-json\/wp\/v2\/pages\/8","targetHints":{"allow":["GET"]}}],"collection":[{"href":"https:\/\/archipelconsort.eu\/index.php\/wp-json\/wp\/v2\/pages"}],"about":[{"href":"https:\/\/archipelconsort.eu\/index.php\/wp-json\/wp\/v2\/types\/page"}],"author":[{"embeddable":true,"href":"https:\/\/archipelconsort.eu\/index.php\/wp-json\/wp\/v2\/users\/1"}],"replies":[{"embeddable":true,"href":"https:\/\/archipelconsort.eu\/index.php\/wp-json\/wp\/v2\/comments?post=8"}],"version-history":[{"count":19,"href":"https:\/\/archipelconsort.eu\/index.php\/wp-json\/wp\/v2\/pages\/8\/revisions"}],"predecessor-version":[{"id":371,"href":"https:\/\/archipelconsort.eu\/index.php\/wp-json\/wp\/v2\/pages\/8\/revisions\/371"}],"wp:attachment":[{"href":"https:\/\/archipelconsort.eu\/index.php\/wp-json\/wp\/v2\/media?parent=8"}],"curies":[{"name":"wp","href":"https:\/\/api.w.org\/{rel}","templated":true}]}}