{"id":155,"date":"2024-05-18T20:43:17","date_gmt":"2024-05-18T19:43:17","guid":{"rendered":"http:\/\/archipelconsort.eu\/?page_id=155"},"modified":"2025-10-24T10:27:21","modified_gmt":"2025-10-24T09:27:21","slug":"programmes","status":"publish","type":"page","link":"https:\/\/archipelconsort.eu\/index.php\/programmes\/","title":{"rendered":"Programmes"},"content":{"rendered":"<p>[et_pb_section fb_built=&#8221;1&#8243; admin_label=&#8221;Site Navigation&#8221; _builder_version=&#8221;4.18.0&#8243; _module_preset=&#8221;default&#8221; custom_padding=&#8221;0px||0px||true|&#8221; locked=&#8221;off&#8221; collapsed=&#8221;on&#8221; global_colors_info=&#8221;{}&#8221;][\/et_pb_section][et_pb_section fb_built=&#8221;1&#8243; _builder_version=&#8221;4.25.1&#8243; _module_preset=&#8221;default&#8221; custom_padding=&#8221;0px|||||&#8221; global_colors_info=&#8221;{}&#8221;][et_pb_row column_structure=&#8221;1_3,1_3,1_3&#8243; _builder_version=&#8221;4.25.1&#8243; _module_preset=&#8221;default&#8221; global_colors_info=&#8221;{}&#8221;][et_pb_column type=&#8221;1_3&#8243; _builder_version=&#8221;4.25.1&#8243; _module_preset=&#8221;default&#8221; global_colors_info=&#8221;{}&#8221;][et_pb_image src=&#8221;https:\/\/archipelconsort.eu\/wp-content\/uploads\/2024\/08\/4seasons-scaled.jpg&#8221; alt=&#8221;The four seasons &#8211; David Teniers&#8221; title_text=&#8221;4seasons&#8221; _builder_version=&#8221;4.25.1&#8243; _module_preset=&#8221;default&#8221; custom_margin=&#8221;||-3px|||&#8221; global_colors_info=&#8221;{}&#8221;][\/et_pb_image][et_pb_toggle title=&#8221;The Seasons&#8221; _builder_version=&#8221;4.25.1&#8243; _module_preset=&#8221;default&#8221; title_text_color=&#8221;#000000&#8243; title_font=&#8221;Montserrat|300|||||||&#8221; title_text_align=&#8221;center&#8221; body_font=&#8221;Montserrat|300|||||||&#8221; body_text_color=&#8221;#000000&#8243; custom_padding=&#8221;||20px|||&#8221; global_colors_info=&#8221;{}&#8221;]<\/p>\n<p><a href=\"https:\/\/www.youtube.com\/watch?v=rzQCAY5Efl4\" target=\"_blank\" rel=\"noopener\">Lien vid\u00e9o<\/a><\/p>\n<p>&#8220;<i>Simpson&#8217;s great Work will teach the World to play<\/i>&#8221; [L&#8217;excellent travail de Simpson apprendra au monde \u00e0 jouer] <span class=\"Apple-converted-space\">\u00a0<\/span><\/p>\n<p>John Jenkins, compositeur, luthiste, contemporain et proche ami de Christopher Simpson (~1602 &#8211; 1669) &#8211; extrait de la pr\u00e9face du Division violist (1659)<span class=\"Apple-converted-space\">\u00a0<\/span><\/p>\n<p>Import\u00e9e en Angleterre au milieu du 16\u00e8me si\u00e8cle par des musiciens italiens, la viole de gambe devient indispensable \u00e0 l&#8217;air \u00e9lisab\u00e9thain et se r\u00e9pand dans tout le royaume. Pour le consort of viols, parfois accompagn\u00e9 d\u2019instruments pinc\u00e9s ou \u00e0 clavier, les compositeurs cr\u00e9ent des \u0153uvres monumentales d\u2019une polyphonie riche et complexe. Des \u00e9volutions conjointes dans le jeu de la viole et dans sa facture voient l&#8217;apparition de pratiques propres \u00e0 l&#8217;Angleterre, comme la lyra-viol et la divison-viol.<span class=\"Apple-converted-space\">\u00a0<\/span><\/p>\n<p>Dans son exploration du consort anglais, Archipel s&#8217;attache \u00e0 mettre en valeur Christopher Simpson, l&#8217;un des th\u00e9oriciens et musiciens les plus reconnus et lou\u00e9s de son temps, dont le souvenir est rest\u00e9 longtemps vivace, pour sa vie exemplaire et ses comp\u00e9tences fines, selon son ami Matthew Locke.<span class=\"Apple-converted-space\">\u00a0<\/span><\/p>\n<p>Outre the division violist, trait\u00e9 pratique de Christopher Simpson pour apprendre \u00e0 jouer de la viole gr\u00e2ce \u00e0 la technique de la diminution, deux de ses recueils de sets de fantaisies et danses, the Seasons et the Months, repr\u00e9sentent des sommets de cet art, pratiqu\u00e9 ici non plus seul, mais en consort de 3 violes.<\/p>\n<p>Le d\u00e9roulement de l&#8217;ann\u00e9e et de ses saisons est rythm\u00e9 par la cr\u00e9ation de 4 programmes diff\u00e9rents, pour une plong\u00e9e sensible dans l&#8217;atmosph\u00e8re particuli\u00e8re de chaque saison telle qu&#8217;imagin\u00e9e par Simpson, repr\u00e9sentation \u00e9toff\u00e9e par nos soins de pi\u00e8ces de ses contemporains anglais, tels Matthew Locke, John Jenkins, William Lawes, Henry Purcell ou encore John Dowland.<\/p>\n<p>[\/et_pb_toggle][\/et_pb_column][et_pb_column type=&#8221;1_3&#8243; _builder_version=&#8221;4.25.1&#8243; _module_preset=&#8221;default&#8221; global_colors_info=&#8221;{}&#8221;][et_pb_toggle title=&#8221;Summertime&#8221; _builder_version=&#8221;4.25.1&#8243; _module_preset=&#8221;default&#8221; title_text_color=&#8221;#000000&#8243; title_font=&#8221;Montserrat|300|||||||&#8221; title_text_align=&#8221;center&#8221; body_font=&#8221;Montserrat|300|||||||&#8221; body_text_color=&#8221;#000000&#8243; global_colors_info=&#8221;{}&#8221;]<\/p>\n<div><a href=\"https:\/\/drive.google.com\/file\/d\/1zCRqjuXPe7BezHKnCacNipjMBW96iZ4Q\/view?usp=drive_link\" target=\"_blank\" rel=\"noopener\">Lien programme<\/a><\/div>\n<div>\n<p>[Trois violes &amp; un th\u00e9orbe<\/p>\n<p>Dur\u00e9e : 50&#8242;<\/p>\n<\/div>\n<div><\/div>\n<div><\/div>\n<div><\/div>\n<p>[\/et_pb_toggle][et_pb_toggle title=&#8221;Winter Moon&#8221; _builder_version=&#8221;4.25.1&#8243; _module_preset=&#8221;default&#8221; title_font=&#8221;Montserrat|300|||||||&#8221; title_text_align=&#8221;center&#8221; body_font=&#8221;Montserrat|300|||||||&#8221; body_text_color=&#8221;#000000&#8243; custom_margin=&#8221;-15px||||false|false&#8221; global_colors_info=&#8221;{}&#8221;]<\/p>\n<p><a href=\"https:\/\/drive.google.com\/file\/d\/1bSNJiH7WOm6bOpm8UW9l1AsWNB8Gar3W\/view?usp=drive_link\" target=\"_blank\" rel=\"noopener\">Lien Programme<\/a><\/p>\n<p>[Trois violes &amp; un luth\/th\u00e9orbe]<\/p>\n<p>Dur\u00e9e : 50&#8242;<\/p>\n<p>[\/et_pb_toggle][\/et_pb_column][et_pb_column type=&#8221;1_3&#8243; _builder_version=&#8221;4.25.1&#8243; _module_preset=&#8221;default&#8221; global_colors_info=&#8221;{}&#8221;][et_pb_toggle title=&#8221;Come Spring&#8221; open_toggle_text_color=&#8221;#000000&#8243; _builder_version=&#8221;4.25.1&#8243; _module_preset=&#8221;default&#8221; title_font=&#8221;Montserrat|300|||||||&#8221; title_text_align=&#8221;center&#8221; body_font=&#8221;Montserrat|300|||||||&#8221; body_text_color=&#8221;#000000&#8243; custom_margin=&#8221;||11px|||&#8221; global_colors_info=&#8221;{}&#8221;]<\/p>\n<p><a href=\"https:\/\/drive.google.com\/file\/d\/15l1dKmg1w5HkrqZpQ68KSxCM-i4yV6GL\/view?usp=drive_link\" target=\"_blank\" rel=\"noopener\">Lien programme<\/a><\/p>\n<p>[Trois violes, une voix]<\/p>\n<p>Dur\u00e9e : 60&#8242;<\/p>\n<p>&nbsp;<\/p>\n<p>[\/et_pb_toggle][et_pb_toggle title=&#8221;Autumn Leaves&#8221; _builder_version=&#8221;4.25.1&#8243; _module_preset=&#8221;default&#8221; title_font=&#8221;Montserrat|300|||||||&#8221; title_text_align=&#8221;center&#8221; body_font=&#8221;Montserrat|300|||||||&#8221; custom_margin=&#8221;6px|||||&#8221; global_colors_info=&#8221;{}&#8221;]<\/p>\n<p><a href=\"https:\/\/drive.google.com\/file\/d\/1_c9MeqBAaq6SGiXDrPXmbL4kSBUdXjfE\/view?usp=drive_link\" target=\"_blank\" rel=\"noopener\">Lien programme<\/a><\/p>\n<p>[Trois violes, une voix &amp; clavecin]<\/p>\n<p>Dur\u00e9e : 60&#8242;<\/p>\n<p>[\/et_pb_toggle][\/et_pb_column][\/et_pb_row][et_pb_row column_structure=&#8221;1_3,1_3,1_3&#8243; _builder_version=&#8221;4.25.1&#8243; _module_preset=&#8221;default&#8221; global_colors_info=&#8221;{}&#8221;][et_pb_column type=&#8221;1_3&#8243; _builder_version=&#8221;4.25.1&#8243; _module_preset=&#8221;default&#8221; global_colors_info=&#8221;{}&#8221;][et_pb_image src=&#8221;https:\/\/archipelconsort.eu\/wp-content\/uploads\/2024\/05\/Carte_particuliere_de_la_Mer_.Ollive_Francois_btv1b53064886g_1.jpeg&#8221; alt=&#8221;programme italien&#8221; title_text=&#8221;Carte_particuli\u00e8re_de_la_Mer_%91&#8230;%93Ollive_Fran\u00e7ois_btv1b53064886g_1&#8243; admin_label=&#8221;Image&#8221; _builder_version=&#8221;4.25.0&#8243; _module_preset=&#8221;default&#8221; custom_margin=&#8221;||-4px||false|false&#8221; global_colors_info=&#8221;{}&#8221;][\/et_pb_image][et_pb_toggle title=&#8221;Voyage en Italie&#8221; _builder_version=&#8221;4.25.1&#8243; _module_preset=&#8221;default&#8221; title_text_color=&#8221;#000000&#8243; title_font=&#8221;Montserrat|300|||||||&#8221; title_text_align=&#8221;center&#8221; body_font=&#8221;Montserrat|300|||||||&#8221; body_text_color=&#8221;#000000&#8243; global_colors_info=&#8221;{}&#8221;]<\/p>\n<p dir=\"ltr\" class=\"zfr3Q CDt4Ke \"><a href=\"https:\/\/drive.google.com\/file\/d\/1Og12HNEcc4Srg9vOp9yw9gW5rzhg1mvu\/view?usp=drive_link\" target=\"_blank\" rel=\"noopener\"><span class=\"C9DxTc \">Lien programme<\/span><\/a><\/p>\n<p>Formation : 3 personnes (3 violes)<\/p>\n<p>Dur\u00e9e : 45&#8242;<\/p>\n<p>[\/et_pb_toggle][\/et_pb_column][et_pb_column type=&#8221;1_3&#8243; _builder_version=&#8221;4.25.1&#8243; _module_preset=&#8221;default&#8221; global_colors_info=&#8221;{}&#8221;][et_pb_image src=&#8221;https:\/\/archipelconsort.eu\/wp-content\/uploads\/2024\/05\/programme-francais.jpg&#8221; alt=&#8221;Qu&#8217;est devenu ce bel oeil?&#8221; title_text=&#8221;programme francais&#8221; _builder_version=&#8221;4.25.0&#8243; _module_preset=&#8221;default&#8221; custom_margin=&#8221;||0px||false|false&#8221; global_colors_info=&#8221;{}&#8221;][\/et_pb_image][et_pb_toggle title=&#8221;Qu&#8217;est devenu ce bel oeil?&#8221; admin_label=&#8221;Toggle&#8221; _builder_version=&#8221;4.25.1&#8243; _module_preset=&#8221;default&#8221; title_text_color=&#8221;#000000&#8243; title_font=&#8221;Montserrat|300|||||||&#8221; title_text_align=&#8221;center&#8221; body_font=&#8221;Montserrat|300|||||||&#8221; body_text_color=&#8221;#000000&#8243; global_colors_info=&#8221;{}&#8221;]<\/p>\n<p><a href=\"https:\/\/drive.google.com\/file\/d\/1-P7w7dZGEarwFqQrUoOkIGoodBEf-8NG\/view?usp=sharing\" target=\"_blank\" rel=\"noopener\">Lien programme<\/a><\/p>\n<p><small dir=\"ltr\" class=\"zfr3Q TMjjoe CDt4Ke \"><span class=\"C9DxTc \"><a href=\"https:\/\/www.youtube.com\/watch?v=KXQ1ahllV70\" target=\"_blank\" rel=\"noopener\" style=\"font-size: 16px;\">Lien vid\u00e9o<\/a><\/span><\/small><\/p>\n<p><small dir=\"ltr\" class=\"zfr3Q TMjjoe CDt4Ke \"><span class=\"C9DxTc \">Formation: 3 \u00e0 4 musiciens (3 violes &amp; 1 theorbe)<\/span><\/small><\/p>\n<p><span class=\"C9DxTc \">Dur\u00e9e: 50&#8242;<\/span><\/p>\n<p>[\/et_pb_toggle][\/et_pb_column][et_pb_column type=&#8221;1_3&#8243; _builder_version=&#8221;4.25.1&#8243; _module_preset=&#8221;default&#8221; global_colors_info=&#8221;{}&#8221;][et_pb_image src=&#8221;https:\/\/archipelconsort.eu\/wp-content\/uploads\/2025\/09\/marais-paysage-detail.jpeg&#8221; alt=&#8221;Qu&#8217;est devenu ce bel oeil?&#8221; title_text=&#8221;marais paysage detail&#8221; _builder_version=&#8221;4.25.1&#8243; _module_preset=&#8221;default&#8221; max_width=&#8221;100%&#8221; min_height=&#8221;141.3px&#8221; custom_margin=&#8221;||0px||false|false&#8221; global_colors_info=&#8221;{}&#8221;][\/et_pb_image][et_pb_toggle title=&#8221;Conversation \u00e0 trois basses&#8221; admin_label=&#8221;Toggle&#8221; _builder_version=&#8221;4.25.1&#8243; _module_preset=&#8221;default&#8221; title_text_color=&#8221;#000000&#8243; title_font=&#8221;Montserrat|300|||||||&#8221; title_text_align=&#8221;center&#8221; body_font=&#8221;Montserrat|300|||||||&#8221; body_text_color=&#8221;#000000&#8243; custom_margin=&#8221;||18px|||&#8221; global_colors_info=&#8221;{}&#8221;]<\/p>\n<p><a href=\"https:\/\/drive.google.com\/file\/d\/1aXBxbUVEUcGjPHE-ELMNvKsaBs-3rK9Y\/view?usp=sharing\"><span style=\"font-weight: 300;\">Lien programme<\/span><\/a><span style=\"font-weight: 300;\"><\/span><\/p>\n<p><a href=\"https:\/\/www.youtube.com\/watch?v=t3rv32HxOzc\">Lien vid\u00e9o<\/a><span style=\"font-weight: 300;\"><\/span><\/p>\n<p>Formation: 4 personnes (<span>1 heorbe, 3 violes)<\/span><\/p>\n<p><span>Dur\u00e9e: 60&#8242;<\/span><\/p>\n<p>[\/et_pb_toggle][\/et_pb_column][\/et_pb_row][\/et_pb_section][et_pb_section fb_built=&#8221;1&#8243; _builder_version=&#8221;4.25.1&#8243; _module_preset=&#8221;default&#8221; global_colors_info=&#8221;{}&#8221;][\/et_pb_section]<\/p>\n","protected":false},"excerpt":{"rendered":"<p>Lien vid\u00e9o &#8220;Simpson&#8217;s great Work will teach the World to play&#8221; [L&#8217;excellent travail de Simpson apprendra au monde \u00e0 jouer] \u00a0 John Jenkins, compositeur, luthiste, contemporain et proche ami de Christopher Simpson (~1602 &#8211; 1669) &#8211; extrait de la pr\u00e9face du Division violist (1659)\u00a0 Import\u00e9e en Angleterre au milieu du 16\u00e8me si\u00e8cle par des musiciens [&hellip;]<\/p>\n","protected":false},"author":1,"featured_media":0,"parent":0,"menu_order":0,"comment_status":"closed","ping_status":"closed","template":"","meta":{"_et_pb_use_builder":"on","_et_pb_old_content":"","_et_gb_content_width":"","footnotes":""},"class_list":["post-155","page","type-page","status-publish","hentry"],"_links":{"self":[{"href":"https:\/\/archipelconsort.eu\/index.php\/wp-json\/wp\/v2\/pages\/155","targetHints":{"allow":["GET"]}}],"collection":[{"href":"https:\/\/archipelconsort.eu\/index.php\/wp-json\/wp\/v2\/pages"}],"about":[{"href":"https:\/\/archipelconsort.eu\/index.php\/wp-json\/wp\/v2\/types\/page"}],"author":[{"embeddable":true,"href":"https:\/\/archipelconsort.eu\/index.php\/wp-json\/wp\/v2\/users\/1"}],"replies":[{"embeddable":true,"href":"https:\/\/archipelconsort.eu\/index.php\/wp-json\/wp\/v2\/comments?post=155"}],"version-history":[{"count":29,"href":"https:\/\/archipelconsort.eu\/index.php\/wp-json\/wp\/v2\/pages\/155\/revisions"}],"predecessor-version":[{"id":352,"href":"https:\/\/archipelconsort.eu\/index.php\/wp-json\/wp\/v2\/pages\/155\/revisions\/352"}],"wp:attachment":[{"href":"https:\/\/archipelconsort.eu\/index.php\/wp-json\/wp\/v2\/media?parent=155"}],"curies":[{"name":"wp","href":"https:\/\/api.w.org\/{rel}","templated":true}]}}