{"id":146,"date":"2024-05-18T20:41:07","date_gmt":"2024-05-18T19:41:07","guid":{"rendered":"http:\/\/archipelconsort.eu\/?page_id=146"},"modified":"2025-02-13T13:49:08","modified_gmt":"2025-02-13T13:49:08","slug":"les-musiciennes","status":"publish","type":"page","link":"https:\/\/archipelconsort.eu\/index.php\/les-musiciennes\/","title":{"rendered":"Les musiciennes"},"content":{"rendered":"<p>[et_pb_section fb_built=&#8221;1&#8243; fullwidth=&#8221;on&#8221; _builder_version=&#8221;4.25.0&#8243; _module_preset=&#8221;default&#8221; global_colors_info=&#8221;{}&#8221;][et_pb_fullwidth_image src=&#8221;https:\/\/archipelconsort.eu\/wp-content\/uploads\/2024\/05\/Archipel-long-scaled-1.jpg&#8221; alt=&#8221;Archipel Consort&#8221; title_text=&#8221;Archipel long&#8221; _builder_version=&#8221;4.25.0&#8243; _module_preset=&#8221;default&#8221; global_colors_info=&#8221;{}&#8221;][\/et_pb_fullwidth_image][\/et_pb_section][et_pb_section fb_built=&#8221;1&#8243; _builder_version=&#8221;4.25.0&#8243; _module_preset=&#8221;default&#8221; global_colors_info=&#8221;{}&#8221;][et_pb_row column_structure=&#8221;1_3,1_3,1_3&#8243; _builder_version=&#8221;4.25.0&#8243; _module_preset=&#8221;default&#8221; global_colors_info=&#8221;{}&#8221;][et_pb_column type=&#8221;1_3&#8243; _builder_version=&#8221;4.25.0&#8243; _module_preset=&#8221;default&#8221; global_colors_info=&#8221;{}&#8221;][et_pb_toggle title=&#8221;Cl\u00e9mence Schiltz&#8221; _builder_version=&#8221;4.25.1&#8243; _module_preset=&#8221;default&#8221; title_text_color=&#8221;#000000&#8243; title_font=&#8221;Montserrat|300|||||||&#8221; title_text_align=&#8221;center&#8221; body_font=&#8221;Montserrat|300|||||||&#8221; body_text_color=&#8221;#000000&#8243; module_alignment=&#8221;center&#8221; global_colors_info=&#8221;{}&#8221;]<\/p>\n<p><img loading=\"lazy\" decoding=\"async\" src=\"https:\/\/archipelconsort.eu\/wp-content\/uploads\/2024\/05\/Archipel-20-300x200-1.jpg\" width=\"300\" height=\"200\" alt=\"Cl\u00e9mence Schiltz\" class=\"wp-image-110 size-medium\" \/> \u00a9 Montserrat Mancilla<\/p>\n<p><a href=\"https:\/\/sites.google.com\/view\/clemenceschiltz\/accueil\">http:\/\/www.clemence.schiltz.net\/<\/a><\/p>\n<p dir=\"ltr\" class=\"zfr3Q CDt4Ke \"><span class=\"C9DxTc \">Touch\u00e9e par le timbre de cet instrument, Cl\u00e9mence Schiltz joue de\u00a0<\/span><span class=\"C9DxTc \">la viole depuis tr\u00e8s jeune, et compl\u00e8te ensuite sa pratique des r\u00e9pertoires anciens avec le violoncelle baroque.\u00a0<\/span><\/p>\n<p dir=\"ltr\" class=\"zfr3Q CDt4Ke \"><span class=\"C9DxTc \">Son parcours musical riche l\u2019am\u00e8ne \u00e0 se produire \u00e0 travers l&#8217;Europe ainsi qu&#8217;en Asie, avec des ensembles comme Ricercar Consort, BachPlus, Hathor Consort, Harmonia Sacra.\u00a0<\/span><\/p>\n<p dir=\"ltr\" class=\"zfr3Q CDt4Ke \"><span class=\"C9DxTc \">Par ailleurs, elle explore les liens dramaturgiques entre musique, texte et mouvement, dans le cadre de diff\u00e9rents projets avec des com\u00e9diens, marionnettistes et circassiens, en d\u00e9ambulation urbaine ou dans des contextes de m\u00e9diation \u00e0 l&#8217;\u00e9cole ou \u00e0 l&#8217;h\u00f4pital (cie La Septima).<\/span><\/p>\n<p dir=\"ltr\" class=\"zfr3Q CDt4Ke \"><span class=\"C9DxTc \">Cl\u00e9mence s&#8217;est form\u00e9e aupr\u00e8s de Philippe Pierlot et Christine Plubeau pour la viole, et Herv\u00e9 Douchy et Fr\u00e9d\u00e9rique Aronica pour le violoncelle. Elle enseigne actuellement \u00e0 l&#8217;Acad\u00e9mie de Woluwe-Saint-Lambert.<\/span><\/p>\n<p>[\/et_pb_toggle][\/et_pb_column][et_pb_column type=&#8221;1_3&#8243; _builder_version=&#8221;4.25.0&#8243; _module_preset=&#8221;default&#8221; global_colors_info=&#8221;{}&#8221;][et_pb_toggle title=&#8221;Barbara H\u00fcnninger&#8221; open_toggle_text_color=&#8221;#000000&#8243; _builder_version=&#8221;4.25.1&#8243; _module_preset=&#8221;default&#8221; title_text_color=&#8221;#000000&#8243; title_font=&#8221;Montserrat|300|||||||&#8221; title_text_align=&#8221;center&#8221; body_font=&#8221;Montserrat|300|||||||&#8221; body_text_color=&#8221;#000000&#8243; module_alignment=&#8221;center&#8221; hover_enabled=&#8221;0&#8243; global_colors_info=&#8221;{}&#8221; sticky_enabled=&#8221;0&#8243;]<\/p>\n<p><img loading=\"lazy\" decoding=\"async\" src=\"https:\/\/archipelconsort.eu\/wp-content\/uploads\/2024\/05\/Archipel-18-300x200-1.jpg\" width=\"300\" height=\"200\" alt=\"Barbara H\u00fcnninger\" class=\"wp-image-108 size-medium\" \/> \u00a9 Montserrat Mancilla<\/p>\n<p dir=\"ltr\" class=\"zfr3Q CDt4Ke \"><span class=\"C9DxTc \"><a href=\"http:\/\/www.barbarahunninger.com\">www.barbarahunninger.com<\/a><\/span><\/p>\n<p dir=\"ltr\"><span>N\u00e9e dans une famille de musiciens, <\/span><span>Barbara H\u00fcnninger <\/span><span>fait ses premiers pas au violoncelle avant de d\u00e9couvrir le monde de la musique ancienne et d\u2019\u00e9tudier la viole de gambe \u00e0 Lyon (FR) et le violoncelle baroque \u00e0 Bruxelles (BE).\u00a0<\/span><\/p>\n<p dir=\"ltr\"><span>Elle joue occasionnellement avec divers ensembles de musique ancienne comme le <\/span><span>Hathor Consort, <\/span><span>l\u2019<\/span><span>Ach\u00e9ron, Musica Gloria, Les Abbagliatis<\/span><span>, l\u2019<\/span><span>Ensemble baroque de Toulouse<\/span><span> ou encore <\/span><span>La N\u00e9r\u00e9ide<\/span><span>.<\/span><\/p>\n<p dir=\"ltr\"><span>Son parcours l\u2019am\u00e8ne \u00e0 \u00e9galement \u00e0 l\u2019univers de la musique contemporaine et exp\u00e9rimentale, dont r\u00e9sultent deux enregistrements avec l\u2019<\/span><span>Ensemble 0, <\/span><span>sur la musique de Moondog et de Arthur Russell.\u00a0<\/span><\/p>\n<p dir=\"ltr\"><span>Passionn\u00e9e par la musique de consort de viole, elle cofonde en 2022 l\u2019ensemble <\/span>Archipel Consort<span>.\u00a0<\/span><\/p>\n<p dir=\"ltr\"><span>Barbara s\u2019est form\u00e9e pour la viole de gambe aupr\u00e8s de Marianne Muller (CNSMD de Lyon), et pour le violoncelle baroque aupr\u00e8s de Hilary Metzger et de Herv\u00e9 Douchy (Conservatoire Royal de Bruxelles).\u00a0<\/span><\/p>\n<p dir=\"ltr\"><span>Elle enseigne actuellement la viole de gambe \u00e0 la <\/span><a href=\"https:\/\/www.muziekacademie-etterbeek.be\" target=\"_blank\" rel=\"noopener\"><span>Gomuziekacademie Etterbeek<\/span><\/a><span> (BE), au <\/span><a href=\"https:\/\/www.conservatoriumleuven.be\" target=\"_blank\" rel=\"noopener\"><span>Conservatoire de Leuven<\/span><\/a><span> (BE) et \u00e0 l\u2019<\/span><a href=\"https:\/\/www.schoten.be\/academie\" target=\"_blank\" rel=\"noopener\"><span>acad\u00e9mie de Schoten<\/span><\/a><span> (BE).<\/span><\/p>\n<p>[\/et_pb_toggle][\/et_pb_column][et_pb_column type=&#8221;1_3&#8243; _builder_version=&#8221;4.25.0&#8243; _module_preset=&#8221;default&#8221; global_colors_info=&#8221;{}&#8221;][et_pb_toggle title=&#8221;Rebecca Lef\u00e8vre&#8221; _builder_version=&#8221;4.25.1&#8243; _module_preset=&#8221;default&#8221; title_text_color=&#8221;#000000&#8243; title_font=&#8221;Montserrat|300|||||||&#8221; title_text_align=&#8221;center&#8221; body_font=&#8221;Montserrat|300|||||||&#8221; module_alignment=&#8221;center&#8221; hover_enabled=&#8221;0&#8243; global_colors_info=&#8221;{}&#8221; sticky_enabled=&#8221;0&#8243;]<\/p>\n<p><img loading=\"lazy\" decoding=\"async\" src=\"https:\/\/archipelconsort.eu\/wp-content\/uploads\/2024\/05\/Archipel-19-300x200-1.jpg\" width=\"300\" height=\"200\" alt=\"Rebecca Lef\u00e8vre\" class=\"wp-image-109 size-medium\" \/> \u00a9 Montserrat Mancilla<\/p>\n<p><a href=\"http:\/\/www.rebeccalefevre.eu\">www.rebeccalefevre.eu<\/a><\/p>\n<p><span style=\"color: #000000;\">Rebecca a grandi en Su\u00e8de, o\u00f9 elle a commenc\u00e9 \u00e0 jouer du piano et du violoncelle \u00e0 un jeune \u00e2ge. Son int\u00e9r\u00eat pour la musique ancienne, l&#8217;art et l&#8217;histoire l&#8217;a inspir\u00e9e \u00e0 se consacrer \u00e0 l&#8217;\u00e9tude de la viole de gambe. Sa passion est de capturer et de communiquer la beaut\u00e9 complexe de la musique ancienne. Elle s&#8217;aventure \u00e9galement dans le monde de la musique exp\u00e9rimentale, explorant de nouvelles techniques de jeu, l&#8217;improvisation et l&#8217;\u00e9lectronique.<\/span><\/p>\n<p><span style=\"color: #000000;\">Rebecca a commenc\u00e9 son \u00e9ducation formelle \u00e0 Stockholm avec Keren Bruce. Elle s&#8217;est ensuite install\u00e9e en Belgique pour poursuivre ses \u00e9tudes avec Philippe Pierlot au Conservatoire royal de Bruxelles. Pendant ses \u00e9tudes, Rebecca a eu le privil\u00e8ge de prendre des cours priv\u00e9s avec Wieland Kuijken et de participer \u00e0 des master-class avec Paolo Pandolfo, Jordi Savall et Vittorio Ghielmi. Passionn\u00e9e par la musique ancienne, elle a \u00e9galement \u00e9tudi\u00e9 le luth avec Xavier D\u00edaz-Latorre et Sofie Vanden Eynde.<\/span><\/p>\n<p><span style=\"color: #000000;\">Rebecca se produit avec plusieurs ensembles de musique de chambre, dont Archipel Consort, Duo Calambur, Lux Beata, Amaranthus et Currende. Elle se produit \u00e9galement avec des orchestres, dont Trondheim Barokk et Le Concert d&#8217;Anvers, et a jou\u00e9 avec des chefs d&#8217;orchestre renomm\u00e9s tels que Sigiswald Kuijken, Philippe Pierlot et Wim Becu. Elle a \u00e9galement particip\u00e9 \u00e0 des enregistrements de CD et \u00e0 des concerts en Europe et au Japon.<\/span><\/p>\n<p><span style=\"color: #000000;\">Elle enseigne actuellement la viole de gambe \u00e0 la Hoofdstedelijke Kunstacademie Brussel, \u00e0 l\u2019acad\u00e9mie de Bornem et au Centrum voor muziekinstrumentenbouw Puurs.<\/span><\/p>\n<p>[\/et_pb_toggle][\/et_pb_column][\/et_pb_row][\/et_pb_section][et_pb_section fb_built=&#8221;1&#8243; _builder_version=&#8221;4.25.1&#8243; _module_preset=&#8221;default&#8221; global_colors_info=&#8221;{}&#8221;][\/et_pb_section]<\/p>\n","protected":false},"excerpt":{"rendered":"<p>\u00a9 Montserrat Mancilla http:\/\/www.clemence.schiltz.net\/ Touch\u00e9e par le timbre de cet instrument, Cl\u00e9mence Schiltz joue de\u00a0la viole depuis tr\u00e8s jeune, et compl\u00e8te ensuite sa pratique des r\u00e9pertoires anciens avec le violoncelle baroque.\u00a0 Son parcours musical riche l\u2019am\u00e8ne \u00e0 se produire \u00e0 travers l&#8217;Europe ainsi qu&#8217;en Asie, avec des ensembles comme Ricercar Consort, BachPlus, Hathor Consort, Harmonia [&hellip;]<\/p>\n","protected":false},"author":1,"featured_media":0,"parent":0,"menu_order":0,"comment_status":"closed","ping_status":"closed","template":"","meta":{"_et_pb_use_builder":"on","_et_pb_old_content":"","_et_gb_content_width":"","footnotes":""},"class_list":["post-146","page","type-page","status-publish","hentry"],"_links":{"self":[{"href":"https:\/\/archipelconsort.eu\/index.php\/wp-json\/wp\/v2\/pages\/146","targetHints":{"allow":["GET"]}}],"collection":[{"href":"https:\/\/archipelconsort.eu\/index.php\/wp-json\/wp\/v2\/pages"}],"about":[{"href":"https:\/\/archipelconsort.eu\/index.php\/wp-json\/wp\/v2\/types\/page"}],"author":[{"embeddable":true,"href":"https:\/\/archipelconsort.eu\/index.php\/wp-json\/wp\/v2\/users\/1"}],"replies":[{"embeddable":true,"href":"https:\/\/archipelconsort.eu\/index.php\/wp-json\/wp\/v2\/comments?post=146"}],"version-history":[{"count":8,"href":"https:\/\/archipelconsort.eu\/index.php\/wp-json\/wp\/v2\/pages\/146\/revisions"}],"predecessor-version":[{"id":286,"href":"https:\/\/archipelconsort.eu\/index.php\/wp-json\/wp\/v2\/pages\/146\/revisions\/286"}],"wp:attachment":[{"href":"https:\/\/archipelconsort.eu\/index.php\/wp-json\/wp\/v2\/media?parent=146"}],"curies":[{"name":"wp","href":"https:\/\/api.w.org\/{rel}","templated":true}]}}